{"id":162,"date":"2015-04-28T19:06:47","date_gmt":"2015-04-28T17:06:47","guid":{"rendered":"http:\/\/les4coins34.fr\/Blog\/?page_id=162"},"modified":"2018-03-17T10:21:55","modified_gmt":"2018-03-17T09:21:55","slug":"162-2","status":"publish","type":"page","link":"https:\/\/les4coins34.fr\/site\/index.php\/162-2\/","title":{"rendered":"Les vid\u00e9os des 4Coins"},"content":{"rendered":"<h1><span style=\"color: #ffffff;\"><strong>La vie de la compagnie en vid\u00e9os:<\/strong><\/span><\/h1>\n<script>\t\tjQuery(function() {\t\t\tjQuery(\"#universal_video_player_1\").universal_video_player({\t\t\t\tskin:\"blackControllers\",\t\t\t\twidth:1000,\t\t\t\theight:450,\t\t\t\tresponsive:false,\t\t\t\tresponsiveRelativeToBrowser:true,\t\t\t\tshuffle:false,\t\t\t\tfirstVideo:0,\t\t\t\tinitialVolume:1,\t\t\t\tloop:true,\t\t\t\tshowCategs:true,\t\t\t\tshowSearch:true,\t\t\t\tshowTopTitle:true,\t\t\t\tshowTimer:true,\t\t\t\tshowRewindBut:true,\t\t\t\tshowPlayBut:true,\t\t\t\tshowVolumeBut:true,\t\t\t\tshowFacebookBut:true,\t\t\t\tfacebookAppID:\"\",\t\t\t\tfacebookShareTitle:\"Universal Video Player\",\t\t\t\tfacebookShareDescription:\"A top-notch responsive HTML5 Video Player compatible with all major browsers and mobile devices.\",\t\t\t\t\t\t\t\tshowTwitterBut:false,\t\t\t\tshowInfoBut:true,\t\t\t\tshowDownloadBut:false,\t\t\t\tshowPlaylistBut:true,\t\t\t\tshowFullscreenBut:true,\t\t\t\tshowShuffleBut:true,\t\t\t\tshowNextPrevBut:true,\t\t\t\tborderColor:\"#4a4a4a\",\t\t\t\tplaylistWidth:282,\t\t\t\tpathToDownloadFile:\"https:\/\/les4coins34.fr\/site\/wp-content\/plugins\/universal_video_player\/universal_video_player\/\",\t\t\t\tabsUrl:\"https:\/\/les4coins34.fr\/site\/wp-content\/plugins\/universal_video_player\/universal_video_player\/\",\t\t\t\tsuggestedQuality:\"medium\",\t\t\t\tcontrolsBgFullScreenColor:\"#000000\",\t\t\t\tplaylistScrollerBgColorOFF:\"#CCCCCC\",\t\t\t\tplaylistScrollerBgColorON:\"#FFFFFF\",\t\t\t\t\t\t\t\tnumberOfThumbsPerScreen:0,\t\t\t\tlogoImagePath:\"http:\/\/les4coins34.fr\/site\/wp-content\/uploads\/2015\/04\/Compass.png\",\t\t\t\tlogoLink:\"http:\/\/les4coins34.fr\/index.html\",\t\t\t\tlogoTarget:\"true\",\t\t\t\tshowLogo:true,\t\t\t\tautoPlayFirstVideo:false,\t\t\t\tplaylistRecordShowImg:true,\t\t\t\tplaylistRecordShowTitle:true,\t\t\t\tplaylistRecordShowDesc:true,\t\t\t\tplaylistRecordHeight:89,\t\t\t\tplaylistRecordPadding:10,\t\t\t\tplaylistTitleFontSize:15,\t\t\t\tplaylistTitleLineHeight:15,\t\t\t\tplaylistDescFontSize:12,\t\t\t\tplaylistDescLineHeight:15,\t\t\t\tplaylistRecordBgOffColor:\"#eeeeee\",\t\t\t\tplaylistRecordTitleOffColor:\"#333333\",\t\t\t\tplaylistRecordDescOffColor:\"#333333\",\t\t\t\tplaylistRecordBgOffImgOpacity:100,\t\t\t\tplaylistRecordBgOnColor:\"#de1a21\",\t\t\t\tplaylistRecordTitleOnColor:\"#FFFFFF\",\t\t\t\tplaylistRecordDescOnColor:\"#FFFFFF\",\t\t\t\tplaylistRecordBgOnImgOpacity:100,\t\t\t\tplaylistBgColor:\"#4a4a4a\",\t\t\t\tplaylistRecordTitleLimit:22,\t\t\t\tplaylistRecordDescLimit:84,\t\t\t\tshowPlaylistOnInit:true,\t\t\t\tcategoryRecordBgOffColor:\"#000000\",\t\t\t\tcategoryRecordBgOnColor:\"#252525\",\t\t\t\tcategoryRecordBottomBorderOffColor:\"#333333\",\t\t\t\tcategoryRecordBottomBorderOnColor:\"#333333\",\t\t\t\tcategoryRecordTextOffColor:\"#4c4c4c\",\t\t\t\tcategoryRecordTextOnColor:\"#de1a21\",\t\t\t\tfirstCateg:\"\",\t\t\t\tselectedCategBg:\"transparent\",\t\t\t\tselectedCategOffColor:\"#FFFFFF\",\t\t\t\tselectedCategOnColor:\"#de1a28\",\t\t\t\tsearchAreaBg:\"transparent\",\t\t\t\tsearchInputText:\"search...\",\t\t\t\tsearchInputBg:\"#cccccc\",\t\t\t\tsearchInputBorderColor:\"#4a4a4a\",\t\t\t\tsearchInputTextColor:\"#333333\",\t\t\t\ttopTitleColor:\"#FFFFFF\",\t\t\t\ttimerColor:\"#FFFFFF\",\t\t\t\tbufferEmptyColor:\"#929292\",\t\t\t\tbufferFullColor:\"#333333\",\t\t\t\tseekbarColor:\"#FFFFFF\",\t\t\t\tvolumeOffColor:\"#454545\",\t\t\t\tvolumeOnColor:\"#FFFFFF\",\t\t\t\tplayButColorOff:\"#de1a21\",\t\t\t\tplayButColorOn:\"#de1a21\",\t\t\t\tgoogleTrakingOn:true,\t\t\t\tgoogleTrakingCode:\"UA-59786395-1\",\t\t\t\tgetYouTubeData:false,\t\t\t\tpathToAjaxFiles:\"https:\/\/les4coins34.fr\/site\/wp-content\/plugins\/universal_video_player\/universal_video_player\/\",\t\t\t\t\t\t\t\torigThumbImgW:69,\t\t\t\torigThumbImgH:69\t\t\t\t});\t\t});\t<\/script>\t    <div id=\"universal_video_player_1\" style=\"display:none;\">            <ul class=\"universal_video_player_list\"><li data-bottom-thumb=\"http:\/\/les4coins34.fr\/site\/wp-content\/uploads\/2015\/08\/affiche-2015.jpg\"                     \tdata-title=\"Festival St Jean de Bu\u00e8ges 2015\"                         data-desc=\"Festival de th\u00e9\u00e2tre amateur\"                         data-youtube=\"\"\t\t\t\t\t\tdata-vimeo=\"\"\t\t\t\t\t\tdata-selfhostedMP4=\"http:\/\/www.les4coins34.fr\/wp-content\/Themes\/Choices\/images\/layout\/FestBueges2015\/FestBueges2015.mp4\"\t\t\t\t\t\tdata-selfhostedWEBM=\"http:\/\/www.les4coins34.fr\/wp-content\/Themes\/Choices\/images\/layout\/FestBueges2015\/FestBueges2015.webm\"                        data-category=\"ALL CATEGORIES\">                   <\/li><li data-bottom-thumb=\"http:\/\/les4coins34.fr\/site\/wp-content\/grand-media\/image\/Carte_du_tendre_web2-205x150.jpg\"                     \tdata-title=\"Les pr\u00e9cieuses ridicules, l'\u00e9pop\u00e9e...\"                         data-desc=\"La gen\u00e8se des pr\u00e9cieuses ridicules....\"                         data-youtube=\"4w3-hx3CRI8\"\t\t\t\t\t\tdata-vimeo=\"\"\t\t\t\t\t\tdata-selfhostedMP4=\"\"\t\t\t\t\t\tdata-selfhostedWEBM=\"\"                        data-category=\"ALL CATEGORIES\">                   <\/li><li data-bottom-thumb=\"http:\/\/les4coins34.fr\/site\/wp-content\/uploads\/2015\/05\/IMG_0567.jpg\"                     \tdata-title=\"Les 4 coins font la m\u00e9t\u00e9o..\"                         data-desc=\"m\u00e9t\u00e9o France3 les 4coins\"                         data-youtube=\"\"\t\t\t\t\t\tdata-vimeo=\"\"\t\t\t\t\t\tdata-selfhostedMP4=\"http:\/\/www.les4coins34.fr\/wp-content\/Themes\/Choices\/images\/layout\/Meteo_C4C\/meteoc4c.mp4\"\t\t\t\t\t\tdata-selfhostedWEBM=\"http:\/\/www.les4coins34.fr\/wp-content\/Themes\/Choices\/images\/layout\/Meteo_C4C\/Meteo_C4C.webm\"                        data-category=\"ALL CATEGORIES\">                   <\/li><li data-bottom-thumb=\"http:\/\/les4coins34.fr\/site\/wp-content\/grand-media\/image\/P1060324web.jpg\"                     \tdata-title=\"Les pr\u00e9cieuses ridicules, les gens...\"                         data-desc=\"L'ensemble des com\u00e9diens et des petites mains du spectacles qui participent \u00e0 la r\u00e9alisation de ce projet\"                         data-youtube=\"\"\t\t\t\t\t\tdata-vimeo=\"\"\t\t\t\t\t\tdata-selfhostedMP4=\"http:\/\/www.les4coins34.fr\/wp-content\/Themes\/Choices\/images\/layout\/precieusesmb\/precieusesmb.mp4\"\t\t\t\t\t\tdata-selfhostedWEBM=\"http:\/\/www.les4coins34.fr\/wp-content\/Themes\/Choices\/images\/layout\/precieusesmb\/precieusesmb.webm\"                        data-category=\"ALL CATEGORIES\">                   <\/li><li data-bottom-thumb=\"http:\/\/les4coins34.fr\/site\/wp-content\/grand-media\/image\/P1060380web.jpg\"                     \tdata-title=\"Travaux Bellevue\"                         data-desc=\"La remise en \u00e9tat de la salle de spectacle de la r\u00e9sidence Bellevue au plan des 4 seigneurs \u00e0 Montpellier\"                         data-youtube=\"\"\t\t\t\t\t\tdata-vimeo=\"\"\t\t\t\t\t\tdata-selfhostedMP4=\"http:\/\/www.les4coins34.fr\/wp-content\/Themes\/Choices\/images\/layout\/bellevue\/TVX_2014.mp4\"\t\t\t\t\t\tdata-selfhostedWEBM=\"http:\/\/www.les4coins34.fr\/wp-content\/Themes\/Choices\/images\/layout\/bellevue\/TVX_2014.webm\"                        data-category=\"ALL CATEGORIES\">                   <\/li><\/ul>      <\/div><br style=\"clear:both;\">\n<h1><span style=\"color: #ffffff;\"><strong>Les spectacles de la compagnie en vid\u00e9os<\/strong>:<\/span><\/h1>\n<script>\t\tjQuery(function() {\t\t\tjQuery(\"#universal_video_player_2\").universal_video_player({\t\t\t\tskin:\"blackControllers\",\t\t\t\twidth:1000,\t\t\t\theight:450,\t\t\t\tresponsive:false,\t\t\t\tresponsiveRelativeToBrowser:true,\t\t\t\tshuffle:false,\t\t\t\tfirstVideo:0,\t\t\t\tinitialVolume:1,\t\t\t\tloop:true,\t\t\t\tshowCategs:true,\t\t\t\tshowSearch:true,\t\t\t\tshowTopTitle:true,\t\t\t\tshowTimer:true,\t\t\t\tshowRewindBut:true,\t\t\t\tshowPlayBut:true,\t\t\t\tshowVolumeBut:true,\t\t\t\tshowFacebookBut:true,\t\t\t\tfacebookAppID:\"\",\t\t\t\tfacebookShareTitle:\"Universal Video Player\",\t\t\t\tfacebookShareDescription:\"A top-notch responsive HTML5 Video Player compatible with all major browsers and mobile devices.\",\t\t\t\t\t\t\t\tshowTwitterBut:false,\t\t\t\tshowInfoBut:true,\t\t\t\tshowDownloadBut:false,\t\t\t\tshowPlaylistBut:true,\t\t\t\tshowFullscreenBut:true,\t\t\t\tshowShuffleBut:true,\t\t\t\tshowNextPrevBut:true,\t\t\t\tborderColor:\"#4a4a4a\",\t\t\t\tplaylistWidth:282,\t\t\t\tpathToDownloadFile:\"https:\/\/les4coins34.fr\/site\/wp-content\/plugins\/universal_video_player\/universal_video_player\/\",\t\t\t\tabsUrl:\"https:\/\/les4coins34.fr\/site\/wp-content\/plugins\/universal_video_player\/universal_video_player\/\",\t\t\t\tsuggestedQuality:\"default\",\t\t\t\tcontrolsBgFullScreenColor:\"#000000\",\t\t\t\tplaylistScrollerBgColorOFF:\"#CCCCCC\",\t\t\t\tplaylistScrollerBgColorON:\"#FFFFFF\",\t\t\t\t\t\t\t\tnumberOfThumbsPerScreen:0,\t\t\t\tlogoImagePath:\"http:\/\/les4coins34.fr\/site\/wp-content\/uploads\/2015\/04\/Compass.png\",\t\t\t\tlogoLink:\"http:\/\/les4coins34.fr\/index.html\",\t\t\t\tlogoTarget:\"true\",\t\t\t\tshowLogo:true,\t\t\t\tautoPlayFirstVideo:false,\t\t\t\tplaylistRecordShowImg:true,\t\t\t\tplaylistRecordShowTitle:true,\t\t\t\tplaylistRecordShowDesc:true,\t\t\t\tplaylistRecordHeight:89,\t\t\t\tplaylistRecordPadding:10,\t\t\t\tplaylistTitleFontSize:15,\t\t\t\tplaylistTitleLineHeight:15,\t\t\t\tplaylistDescFontSize:12,\t\t\t\tplaylistDescLineHeight:15,\t\t\t\tplaylistRecordBgOffColor:\"#eeeeee\",\t\t\t\tplaylistRecordTitleOffColor:\"#333333\",\t\t\t\tplaylistRecordDescOffColor:\"#333333\",\t\t\t\tplaylistRecordBgOffImgOpacity:100,\t\t\t\tplaylistRecordBgOnColor:\"#de1a21\",\t\t\t\tplaylistRecordTitleOnColor:\"#FFFFFF\",\t\t\t\tplaylistRecordDescOnColor:\"#FFFFFF\",\t\t\t\tplaylistRecordBgOnImgOpacity:100,\t\t\t\tplaylistBgColor:\"#4a4a4a\",\t\t\t\tplaylistRecordTitleLimit:22,\t\t\t\tplaylistRecordDescLimit:84,\t\t\t\tshowPlaylistOnInit:true,\t\t\t\tcategoryRecordBgOffColor:\"#000000\",\t\t\t\tcategoryRecordBgOnColor:\"#252525\",\t\t\t\tcategoryRecordBottomBorderOffColor:\"#333333\",\t\t\t\tcategoryRecordBottomBorderOnColor:\"#333333\",\t\t\t\tcategoryRecordTextOffColor:\"#4c4c4c\",\t\t\t\tcategoryRecordTextOnColor:\"#de1a21\",\t\t\t\tfirstCateg:\"\",\t\t\t\tselectedCategBg:\"transparent\",\t\t\t\tselectedCategOffColor:\"#FFFFFF\",\t\t\t\tselectedCategOnColor:\"#de1a28\",\t\t\t\tsearchAreaBg:\"transparent\",\t\t\t\tsearchInputText:\"search...\",\t\t\t\tsearchInputBg:\"#cccccc\",\t\t\t\tsearchInputBorderColor:\"#4a4a4a\",\t\t\t\tsearchInputTextColor:\"#333333\",\t\t\t\ttopTitleColor:\"#FFFFFF\",\t\t\t\ttimerColor:\"#FFFFFF\",\t\t\t\tbufferEmptyColor:\"#929292\",\t\t\t\tbufferFullColor:\"#333333\",\t\t\t\tseekbarColor:\"#FFFFFF\",\t\t\t\tvolumeOffColor:\"#454545\",\t\t\t\tvolumeOnColor:\"#FFFFFF\",\t\t\t\tplayButColorOff:\"#de1a21\",\t\t\t\tplayButColorOn:\"#de1a21\",\t\t\t\tgoogleTrakingOn:true,\t\t\t\tgoogleTrakingCode:\"UA-59786395-1\",\t\t\t\tgetYouTubeData:false,\t\t\t\tpathToAjaxFiles:\"https:\/\/les4coins34.fr\/site\/wp-content\/plugins\/universal_video_player\/universal_video_player\/\",\t\t\t\t\t\t\t\torigThumbImgW:69,\t\t\t\torigThumbImgH:69\t\t\t\t});\t\t});\t<\/script>\t    <div id=\"universal_video_player_2\" style=\"display:none;\">            <ul class=\"universal_video_player_list\"><li data-bottom-thumb=\"http:\/\/les4coins34.fr\/site\/wp-content\/uploads\/2017\/12\/Guitry_AFFICHE-pagnol12.jpg\"                     \tdata-title=\"Si guitry m\\'\u00e9tait cont\u00e9\"                         data-desc=\"\"                         data-youtube=\"\"\t\t\t\t\t\tdata-vimeo=\"\"\t\t\t\t\t\tdata-selfhostedMP4=\"http:\/\/www.les4coins34.fr\/wp-content\/Themes\/Choices\/images\/layout\/Diapo-Guitry.mp4\"\t\t\t\t\t\tdata-selfhostedWEBM=\"\"                        data-category=\"ALL CATEGORIES\">                   <\/li><li data-bottom-thumb=\"http:\/\/les4coins34.fr\/site\/wp-content\/grand-media\/image\/Carte_du_tendre_web2_1.jpg\"                     \tdata-title=\"Les pr\u00e9cieuses ridicules\"                         data-desc=\"Deux jeunes gens vex\u00e9s de l'accueil m\u00e9prisant qui leur a \u00e9t\u00e9 accord\u00e9 se vengent par l'interm\u00e9diaire de leurs valets\"                         data-youtube=\"\"\t\t\t\t\t\tdata-vimeo=\"\"\t\t\t\t\t\tdata-selfhostedMP4=\"http:\/\/www.les4coins34.fr\/wp-content\/Themes\/Choices\/images\/layout\/precieuses\/precieuses.mp4\"\t\t\t\t\t\tdata-selfhostedWEBM=\"http:\/\/www.les4coins34.fr\/wp-content\/Themes\/Choices\/images\/layout\/precieuses\/precieuses.webm\"                        data-category=\"ALL CATEGORIES\">                   <\/li><li data-bottom-thumb=\"http:\/\/les4coins34.fr\/site\/wp-content\/grand-media\/image\/compartiment1.jpg\"                     \tdata-title=\"Compartiment fumeuses\"                         data-desc=\"La rencontre improbable de deux \u00eatres que tout oppose dans un monde carc\u00e9ral peu connu.\"                         data-youtube=\"\"\t\t\t\t\t\tdata-vimeo=\"\"\t\t\t\t\t\tdata-selfhostedMP4=\"http:\/\/www.les4coins34.fr\/wp-content\/Themes\/Choices\/images\/layout\/COMPARTIMENT FUMEUSES\/COMPARTIMENT FUMEUSES.mp4\"\t\t\t\t\t\tdata-selfhostedWEBM=\"http:\/\/www.les4coins34.fr\/wp-content\/Themes\/Choices\/images\/layout\/COMPARTIMENT FUMEUSES\/COMPARTIMENT FUMEUSES.webm\"                        data-category=\"ALL CATEGORIES\">                   <\/li><li data-bottom-thumb=\"http:\/\/les4coins34.fr\/site\/wp-content\/grand-media\/image\/1146468_647229005394221_8880420012225019243_n.jpg\"                     \tdata-title=\"L'\u00eele des esclaves\"                         data-desc=\"  Ecrite en 1725, l'\u00eele des esclaves met en sc\u00e8ne Arlequin et son ma\u00eetre \u00e9chouant sur une \u00eele o\u00f9 la coutume veut que les r\u00f4les s'inversent entre le ma\u00eetre et l'esclave. Arlequin s'accomode fort bien de cette situation...\"                         data-youtube=\"\"\t\t\t\t\t\tdata-vimeo=\"\"\t\t\t\t\t\tdata-selfhostedMP4=\"http:\/\/www.les4coins34.fr\/wp-content\/Themes\/Choices\/images\/layout\/Video-ide\/Video-ide.mp4\"\t\t\t\t\t\tdata-selfhostedWEBM=\"http:\/\/www.les4coins34.fr\/wp-content\/Themes\/Choices\/images\/layout\/Video-ide\/Video-ide.webm\"                        data-category=\"ALL CATEGORIES\">                   <\/li><li data-bottom-thumb=\"http:\/\/les4coins34.fr\/site\/wp-content\/grand-media\/image\/Instantan__bourgeois.png\"                     \tdata-title=\"Le bourgeois gentilhomme\"                         data-desc=\"Com\u00e9die Ballet en cinq actes et en PROSE...de Moli\u00e8re...\"                         data-youtube=\"\"\t\t\t\t\t\tdata-vimeo=\"\"\t\t\t\t\t\tdata-selfhostedMP4=\"http:\/\/www.les4coins34.fr\/wp-content\/Themes\/Choices\/images\/layout\/Le Bourgeois Gentilhomme\/Le Bourgeois Gentilhomme.mp4\"\t\t\t\t\t\tdata-selfhostedWEBM=\"http:\/\/www.les4coins34.fr\/wp-content\/Themes\/Choices\/images\/layout\/Le Bourgeois Gentilhomme\/Le Bourgeois Gentilhomme.webm\"                        data-category=\"ALL CATEGORIES\">                   <\/li><li data-bottom-thumb=\"http:\/\/les4coins34.fr\/Blog\/wp-content\/grand-media\/image\/Les_fourberies_de_Scapin_41_-web.jpg\"                     \tdata-title=\"Les Fourberies de Scapin\"                         data-desc=\"A sa cr\u00e9ation au palais Royal le 24 Mai 1671, la pi\u00e8ce ne connait qu'un maigre succ\u00e8s...Scapin prendra sa revanche...et les 4Coins la joueront 36 fois...\"                         data-youtube=\"\"\t\t\t\t\t\tdata-vimeo=\"\"\t\t\t\t\t\tdata-selfhostedMP4=\"http:\/\/www.les4coins34.fr\/wp-content\/Themes\/Choices\/images\/layout\/Les fourberies de scapin\/Les fourberies de scapin.mp4\"\t\t\t\t\t\tdata-selfhostedWEBM=\"http:\/\/www.les4coins34.fr\/wp-content\/Themes\/Choices\/images\/layout\/Les fourberies de scapin\/Les fourberies de scapin.webm\"                        data-category=\"ALL CATEGORIES\">                   <\/li><li data-bottom-thumb=\"http:\/\/les4coins34.fr\/site\/wp-content\/grand-media\/image\/Jaquette_2.jpg\"                     \tdata-title=\"Le Bourru Bienfaisant\"                         data-desc=\"Pi\u00e8ce de Carlo Goldoni consid\u00e9r\u00e9 par certains comme le moli\u00e8re Italien.  Sur une mise en sc\u00e8ne tr\u00e8s classique de Pierre Ech, la troupe donnera 40 repr\u00e9sentations de ce bourru particuli\u00e8rement bienfaisant...\"                         data-youtube=\"\"\t\t\t\t\t\tdata-vimeo=\"\"\t\t\t\t\t\tdata-selfhostedMP4=\"http:\/\/www.les4coins34.fr\/wp-content\/Themes\/Choices\/images\/layout\/Diapo_Bourru_4Coins\/Diapo_Bourru_4Coins.mp4\"\t\t\t\t\t\tdata-selfhostedWEBM=\"http:\/\/www.les4coins34.fr\/wp-content\/Themes\/Choices\/images\/layout\/Diapo_Bourru_4Coins\/Diapo_Bourru_4Coins.webm\"                        data-category=\"ALL CATEGORIES\">                   <\/li><\/ul>      <\/div><br style=\"clear:both;\">\n<h1><strong><span style=\"color: #ffffff;\">La Compagnie en photos:<\/span><\/strong><\/h1>\n<h1><div class=\"gmedia_gallery gmediaShortcodeError\" data-gmid=\"42\" data-error=\"photomania: folder missed or module broken\"><\/div><\/h1>\n<p>&nbsp;<\/p>\n","protected":false},"excerpt":{"rendered":"<p>La vie de la compagnie en vid\u00e9os: Les spectacles de la compagnie en vid\u00e9os: La Compagnie en photos: &nbsp; <a class=\"continue-reading-link\" href=\"https:\/\/les4coins34.fr\/site\/index.php\/162-2\/\">Continue reading<\/a><\/p>\n","protected":false},"author":1,"featured_media":0,"parent":0,"menu_order":1,"comment_status":"open","ping_status":"open","template":"templates\/template-onecolumn.php","meta":{"footnotes":""},"class_list":["post-162","page","type-page","status-publish","hentry"],"_links":{"self":[{"href":"https:\/\/les4coins34.fr\/site\/index.php\/wp-json\/wp\/v2\/pages\/162"}],"collection":[{"href":"https:\/\/les4coins34.fr\/site\/index.php\/wp-json\/wp\/v2\/pages"}],"about":[{"href":"https:\/\/les4coins34.fr\/site\/index.php\/wp-json\/wp\/v2\/types\/page"}],"author":[{"embeddable":true,"href":"https:\/\/les4coins34.fr\/site\/index.php\/wp-json\/wp\/v2\/users\/1"}],"replies":[{"embeddable":true,"href":"https:\/\/les4coins34.fr\/site\/index.php\/wp-json\/wp\/v2\/comments?post=162"}],"version-history":[{"count":7,"href":"https:\/\/les4coins34.fr\/site\/index.php\/wp-json\/wp\/v2\/pages\/162\/revisions"}],"predecessor-version":[{"id":1701,"href":"https:\/\/les4coins34.fr\/site\/index.php\/wp-json\/wp\/v2\/pages\/162\/revisions\/1701"}],"wp:attachment":[{"href":"https:\/\/les4coins34.fr\/site\/index.php\/wp-json\/wp\/v2\/media?parent=162"}],"curies":[{"name":"wp","href":"https:\/\/api.w.org\/{rel}","templated":true}]}}