{"id":24,"date":"2015-03-17T10:16:06","date_gmt":"2015-03-17T10:16:06","guid":{"rendered":"http:\/\/les4coins34.fr\/Blog\/?page_id=2"},"modified":"2017-12-04T20:25:45","modified_gmt":"2017-12-04T19:25:45","slug":"sample-page-2","status":"publish","type":"page","link":"https:\/\/les4coins34.fr\/site\/index.php\/sample-page-2\/","title":{"rendered":"Plus d&rsquo;infos"},"content":{"rendered":"<p><span style=\"color: #00ffff;\"><span style=\"font-size: large;\">F<\/span><span style=\"font-size: large;\"><span style=\"font-size: large;\">ond\u00e9e par<\/span><b><span style=\"font-size: large;\"> Pierre Ech <\/span><\/b><span style=\"font-size: large;\">en septembre 1997,<\/span><span style=\"font-size: large;\"> notre<\/span> compagnie <\/span><span style=\"font-size: large;\">s&rsquo;installe pendant plus de dix ans dans les locaux d&rsquo;une enceinte militaire implant\u00e9e dans le quartier Boutonnet \u00e0 Montpellier.Nous sommes enti\u00e8rement autonome, nous jouons partout, en tous lieux, offrant ainsi au public et aux com\u00e9diens, les meilleures conditions de repr\u00e9sentation et de qualit\u00e9s de jeux.<\/span><\/span><\/p>\n<blockquote>\n<p id=\"coul_blanc2\" align=\"JUSTIFY\"><span style=\"color: #00ffff;\"><em><span style=\"font-size: large;\"><strong>Aujourd&rsquo;hui<\/strong>, une dizaine de b\u00e9n\u00e9voles (com\u00e9diens, techniciens, petites mains du spectacle&#8230;)<\/span><span style=\"font-size: large;\"> constituent la troupe. Notre fonctionnement s&rsquo;appuie sur une pr\u00e9sidence tournante. Depuis 2014, c&rsquo;est Sandra Guillemard qui l&rsquo;assume alors que la direction administrative et artistique est confi\u00e9e \u00e0 Pierre Ech. Parall\u00e8lement, la troupe est affili\u00e9e \u00e0 la f\u00e9d\u00e9ration de th\u00e9\u00e2tre amateur depuis plus de quinze ans.<\/span><\/em><\/span><\/p>\n<\/blockquote>\n<p id=\"coul_blanc3\" align=\"JUSTIFY\"><span style=\"color: #ed2913;\"><span style=\"font-size: large; color: #00ffff;\">Depuis notre cr\u00e9ation<\/span><span style=\"font-size: large;\"><span style=\"color: #00ffff;\">, une dizaine de pi\u00e8ces ont vu le jour. Notre r\u00e9pertoire vise principalement le th\u00e9\u00e2tre d&rsquo;auteurs classiques\u00a0: Moli\u00e8re &#8211; Marivaux \u2013 Goldoni. Souvent d\u00e9poussi\u00e9r\u00e9es par une mise en sc\u00e8ne originale, les pi\u00e8ces s&rsquo;adressent \u00e0 tout public et sont pr\u00e9sent\u00e9es une bonne quarantaine de fois.<\/span> <\/span><\/span><\/p>\n<blockquote>\n<p style=\"text-align: justify;\"><span style=\"color: #00ffff;\"><em><strong><span style=\"font-size: large;\">Depuis juin 2013<\/span><\/strong><span style=\"font-size: large;\">, nous sommes en r\u00e9sidence \u00e0 Bellevue, quartier du plan des Quatre Seigneurs \u00e0 Montpellier. Parall\u00e8lement, Pierre Ech anime deux ateliers: un pour les adultes, \u00e0 la maison pour tous M\u00e9lina Mercouri, et l&rsquo;autre pour les a\u00een\u00e9s \u00e0 Prades le lez.<\/span><\/em><\/span><\/p>\n<\/blockquote>\n<h6><span style=\"color: #ff00ff;\"><strong> Soyez heureux&#8230;\u00a0 portez-vous bien !!<\/strong><\/span><\/h6>\n<p><code>[logo-carousel id=default]<\/code><\/p>\n","protected":false},"excerpt":{"rendered":"<p>Fond\u00e9e par Pierre Ech en septembre 1997, notre compagnie s&rsquo;installe pendant plus de dix ans dans les locaux d&rsquo;une enceinte militaire implant\u00e9e dans le quartier Boutonnet \u00e0 Montpellier.Nous sommes enti\u00e8rement autonome, nous jouons partout, en tous lieux, offrant ainsi au public et aux com\u00e9diens, les meilleures conditions de repr\u00e9sentation et\u2026 <a class=\"continue-reading-link\" href=\"https:\/\/les4coins34.fr\/site\/index.php\/sample-page-2\/\">Continue reading<\/a><\/p>\n","protected":false},"author":1,"featured_media":0,"parent":0,"menu_order":0,"comment_status":"open","ping_status":"open","template":"templates\/template-onecolumn.php","meta":{"footnotes":""},"class_list":["post-24","page","type-page","status-publish","hentry"],"_links":{"self":[{"href":"https:\/\/les4coins34.fr\/site\/index.php\/wp-json\/wp\/v2\/pages\/24"}],"collection":[{"href":"https:\/\/les4coins34.fr\/site\/index.php\/wp-json\/wp\/v2\/pages"}],"about":[{"href":"https:\/\/les4coins34.fr\/site\/index.php\/wp-json\/wp\/v2\/types\/page"}],"author":[{"embeddable":true,"href":"https:\/\/les4coins34.fr\/site\/index.php\/wp-json\/wp\/v2\/users\/1"}],"replies":[{"embeddable":true,"href":"https:\/\/les4coins34.fr\/site\/index.php\/wp-json\/wp\/v2\/comments?post=24"}],"version-history":[{"count":12,"href":"https:\/\/les4coins34.fr\/site\/index.php\/wp-json\/wp\/v2\/pages\/24\/revisions"}],"predecessor-version":[{"id":1518,"href":"https:\/\/les4coins34.fr\/site\/index.php\/wp-json\/wp\/v2\/pages\/24\/revisions\/1518"}],"wp:attachment":[{"href":"https:\/\/les4coins34.fr\/site\/index.php\/wp-json\/wp\/v2\/media?parent=24"}],"curies":[{"name":"wp","href":"https:\/\/api.w.org\/{rel}","templated":true}]}}